{"id":410,"date":"2022-07-24T16:55:17","date_gmt":"2022-07-24T14:55:17","guid":{"rendered":"http:\/\/urselfdeez.cluster023.hosting.ovh.net\/?page_id=410"},"modified":"2025-07-19T11:40:01","modified_gmt":"2025-07-19T09:40:01","slug":"elementor-410","status":"publish","type":"page","link":"http:\/\/urselfdeez.cluster023.hosting.ovh.net\/?page_id=410","title":{"rendered":"Inscription"},"content":{"rendered":"\t\t<div data-elementor-type=\"wp-page\" data-elementor-id=\"410\" class=\"elementor elementor-410\">\n\t\t\t\t\t\t<section class=\"elementor-section elementor-top-section elementor-element elementor-element-082e4a7 elementor-section-boxed elementor-section-height-default elementor-section-height-default qodef-elementor-content-no\" data-id=\"082e4a7\" data-element_type=\"section\">\n\t\t\t\t\t\t<div class=\"elementor-container elementor-column-gap-default\">\n\t\t\t\t\t<div class=\"elementor-column elementor-col-50 elementor-top-column elementor-element elementor-element-6858b4e\" data-id=\"6858b4e\" data-element_type=\"column\">\n\t\t\t<div class=\"elementor-widget-wrap elementor-element-populated\">\n\t\t\t\t\t\t<div class=\"elementor-element elementor-element-39e180f elementor-widget elementor-widget-text-editor\" data-id=\"39e180f\" data-element_type=\"widget\" data-widget_type=\"text-editor.default\">\n\t\t\t\t<div class=\"elementor-widget-container\">\n\t\t\t\t\t\t\t\t\t<p>Comme c&rsquo;est le nerf de la guerre et que c&rsquo;est la question qui reviens le plus souvent: voici les tarifs.<\/p>\n<ul>\n<li>Plusieurs rappels : je ne touche rien du club et encore je met souvent de ma poche.<\/li>\n<li>C&rsquo;est une association loi 1901 et non un club recherchant \u00e0 faire des b\u00e9n\u00e9fices.<\/li>\n<li>Je ne suis pas marchand de tapis , les prix ne sont pas n\u00e9gociables.<\/li>\n<li>Les dons , achat de mat\u00e9riel, tshirt&nbsp; mais surtout les coups de main lors des manifestations sportives sont appr\u00e9ci\u00e9s.<\/li><li>ATTENTION: Le club se r\u00e9serve le droit de refuser toute personne ne r\u00e9pondant pas \u00e0 l&rsquo;\u00e9tique de nos valeurs que cela soit par l&rsquo;attitude ou les ant\u00e9c\u00e9dents&#8230;<\/li>\n<\/ul>\t\t\t\t\t\t\t\t<\/div>\n\t\t\t\t<\/div>\n\t\t\t\t\t<\/div>\n\t\t<\/div>\n\t\t\t\t<div class=\"elementor-column elementor-col-50 elementor-top-column elementor-element elementor-element-0fb37ad\" data-id=\"0fb37ad\" data-element_type=\"column\">\n\t\t\t<div class=\"elementor-widget-wrap elementor-element-populated\">\n\t\t\t\t\t\t<div class=\"elementor-element elementor-element-7701789 elementor-widget elementor-widget-image\" data-id=\"7701789\" data-element_type=\"widget\" data-widget_type=\"image.default\">\n\t\t\t\t<div class=\"elementor-widget-container\">\n\t\t\t\t\t\t\t\t\t\t\t\t\t\t\t<img fetchpriority=\"high\" decoding=\"async\" width=\"300\" height=\"300\" src=\"http:\/\/urselfdeez.cluster023.hosting.ovh.net\/wp-content\/uploads\/2022\/07\/cropped-logoU2R-300x300.png\" class=\"attachment-medium size-medium wp-image-143\" alt=\"\" srcset=\"http:\/\/urselfdeez.cluster023.hosting.ovh.net\/wp-content\/uploads\/2022\/07\/cropped-logoU2R-300x300.png 300w, http:\/\/urselfdeez.cluster023.hosting.ovh.net\/wp-content\/uploads\/2022\/07\/cropped-logoU2R-150x150.png 150w, http:\/\/urselfdeez.cluster023.hosting.ovh.net\/wp-content\/uploads\/2022\/07\/cropped-logoU2R-270x270.png 270w, http:\/\/urselfdeez.cluster023.hosting.ovh.net\/wp-content\/uploads\/2022\/07\/cropped-logoU2R-192x192.png 192w, http:\/\/urselfdeez.cluster023.hosting.ovh.net\/wp-content\/uploads\/2022\/07\/cropped-logoU2R-180x180.png 180w, http:\/\/urselfdeez.cluster023.hosting.ovh.net\/wp-content\/uploads\/2022\/07\/cropped-logoU2R-32x32.png 32w, http:\/\/urselfdeez.cluster023.hosting.ovh.net\/wp-content\/uploads\/2022\/07\/cropped-logoU2R.png 512w\" sizes=\"(max-width: 300px) 100vw, 300px\" \/>\t\t\t\t\t\t\t\t\t\t\t\t\t\t\t<\/div>\n\t\t\t\t<\/div>\n\t\t\t\t\t<\/div>\n\t\t<\/div>\n\t\t\t\t\t<\/div>\n\t\t<\/section>\n\t\t\t\t<section class=\"elementor-section elementor-top-section elementor-element elementor-element-30c430e elementor-section-boxed elementor-section-height-default elementor-section-height-default qodef-elementor-content-no\" data-id=\"30c430e\" data-element_type=\"section\">\n\t\t\t\t\t\t<div class=\"elementor-container elementor-column-gap-default\">\n\t\t\t\t\t<div class=\"elementor-column elementor-col-100 elementor-top-column elementor-element elementor-element-40a0dea\" data-id=\"40a0dea\" data-element_type=\"column\">\n\t\t\t<div class=\"elementor-widget-wrap\">\n\t\t\t\t\t\t\t<\/div>\n\t\t<\/div>\n\t\t\t\t\t<\/div>\n\t\t<\/section>\n\t\t\t\t<section class=\"elementor-section elementor-top-section elementor-element elementor-element-54377c9 elementor-section-boxed elementor-section-height-default elementor-section-height-default qodef-elementor-content-no\" data-id=\"54377c9\" data-element_type=\"section\">\n\t\t\t\t\t\t<div class=\"elementor-container elementor-column-gap-default\">\n\t\t\t\t\t<div class=\"elementor-column elementor-col-100 elementor-top-column elementor-element elementor-element-6229eab\" data-id=\"6229eab\" data-element_type=\"column\">\n\t\t\t<div class=\"elementor-widget-wrap elementor-element-populated\">\n\t\t\t\t\t\t<div class=\"elementor-element elementor-element-95a2eed elementor-widget elementor-widget-heading\" data-id=\"95a2eed\" data-element_type=\"widget\" data-widget_type=\"heading.default\">\n\t\t\t\t<div class=\"elementor-widget-container\">\n\t\t\t\t\t<h2 class=\"elementor-heading-title elementor-size-default\"><a href=\"https:\/\/www.helloasso.com\/associations\/u2r-self-defense\/adhesions\/adhesion-2025-2026-tarif-reduit\">Cours d'essai Possible<\/a><\/h2>\t\t\t\t<\/div>\n\t\t\t\t<\/div>\n\t\t\t\t\t<\/div>\n\t\t<\/div>\n\t\t\t\t\t<\/div>\n\t\t<\/section>\n\t\t\t\t<section class=\"elementor-section elementor-top-section elementor-element elementor-element-be3e5b6 elementor-section-boxed elementor-section-height-default elementor-section-height-default qodef-elementor-content-no\" data-id=\"be3e5b6\" data-element_type=\"section\">\n\t\t\t\t\t\t<div class=\"elementor-container elementor-column-gap-default\">\n\t\t\t\t\t<div class=\"elementor-column elementor-col-50 elementor-top-column elementor-element elementor-element-8235375\" data-id=\"8235375\" data-element_type=\"column\">\n\t\t\t<div class=\"elementor-widget-wrap elementor-element-populated\">\n\t\t\t\t\t\t<div class=\"elementor-element elementor-element-58fc71e elementor-widget elementor-widget-heading\" data-id=\"58fc71e\" data-element_type=\"widget\" data-widget_type=\"heading.default\">\n\t\t\t\t<div class=\"elementor-widget-container\">\n\t\t\t\t\t<h2 class=\"elementor-heading-title elementor-size-default\">Clickez sur le titre ou la photo<\/h2>\t\t\t\t<\/div>\n\t\t\t\t<\/div>\n\t\t\t\t\t<\/div>\n\t\t<\/div>\n\t\t\t\t<div class=\"elementor-column elementor-col-50 elementor-top-column elementor-element elementor-element-008d2ec\" data-id=\"008d2ec\" data-element_type=\"column\">\n\t\t\t<div class=\"elementor-widget-wrap elementor-element-populated\">\n\t\t\t\t\t\t<div class=\"elementor-element elementor-element-3e0f377 elementor-widget elementor-widget-image\" data-id=\"3e0f377\" data-element_type=\"widget\" data-widget_type=\"image.default\">\n\t\t\t\t<div class=\"elementor-widget-container\">\n\t\t\t\t\t\t\t\t\t\t\t\t\t\t\t\t<a href=\"https:\/\/www.helloasso.com\/associations\/u2r-self-defense\/adhesions\/adhesion-2025-2026-tarif-reduit\">\n\t\t\t\t\t\t\t<img decoding=\"async\" width=\"595\" height=\"841\" src=\"http:\/\/urselfdeez.cluster023.hosting.ovh.net\/wp-content\/uploads\/2025\/07\/Affiche.png\" class=\"attachment-medium_large size-medium_large wp-image-674\" alt=\"\" srcset=\"http:\/\/urselfdeez.cluster023.hosting.ovh.net\/wp-content\/uploads\/2025\/07\/Affiche.png 595w, http:\/\/urselfdeez.cluster023.hosting.ovh.net\/wp-content\/uploads\/2025\/07\/Affiche-212x300.png 212w\" sizes=\"(max-width: 595px) 100vw, 595px\" \/>\t\t\t\t\t\t\t\t<\/a>\n\t\t\t\t\t\t\t\t\t\t\t\t\t\t\t<\/div>\n\t\t\t\t<\/div>\n\t\t\t\t\t<\/div>\n\t\t<\/div>\n\t\t\t\t\t<\/div>\n\t\t<\/section>\n\t\t\t\t<\/div>\n\t\t","protected":false},"excerpt":{"rendered":"<p>Comme c&rsquo;est le nerf de la guerre et que c&rsquo;est la question qui reviens le plus souvent: voici les tarifs. Plusieurs rappels : je ne touche rien du club et encore je met souvent de ma poche. C&rsquo;est une association loi 1901 et non un club recherchant \u00e0 faire des b\u00e9n\u00e9fices. Je ne suis pas [&hellip;]<\/p>\n","protected":false},"author":1,"featured_media":0,"parent":0,"menu_order":0,"comment_status":"closed","ping_status":"closed","template":"","meta":{"footnotes":""},"class_list":["post-410","page","type-page","status-publish","hentry"],"_links":{"self":[{"href":"http:\/\/urselfdeez.cluster023.hosting.ovh.net\/index.php?rest_route=\/wp\/v2\/pages\/410","targetHints":{"allow":["GET"]}}],"collection":[{"href":"http:\/\/urselfdeez.cluster023.hosting.ovh.net\/index.php?rest_route=\/wp\/v2\/pages"}],"about":[{"href":"http:\/\/urselfdeez.cluster023.hosting.ovh.net\/index.php?rest_route=\/wp\/v2\/types\/page"}],"author":[{"embeddable":true,"href":"http:\/\/urselfdeez.cluster023.hosting.ovh.net\/index.php?rest_route=\/wp\/v2\/users\/1"}],"replies":[{"embeddable":true,"href":"http:\/\/urselfdeez.cluster023.hosting.ovh.net\/index.php?rest_route=%2Fwp%2Fv2%2Fcomments&post=410"}],"version-history":[{"count":33,"href":"http:\/\/urselfdeez.cluster023.hosting.ovh.net\/index.php?rest_route=\/wp\/v2\/pages\/410\/revisions"}],"predecessor-version":[{"id":695,"href":"http:\/\/urselfdeez.cluster023.hosting.ovh.net\/index.php?rest_route=\/wp\/v2\/pages\/410\/revisions\/695"}],"wp:attachment":[{"href":"http:\/\/urselfdeez.cluster023.hosting.ovh.net\/index.php?rest_route=%2Fwp%2Fv2%2Fmedia&parent=410"}],"curies":[{"name":"wp","href":"https:\/\/api.w.org\/{rel}","templated":true}]}}