{"id":81,"date":"2022-07-06T13:33:45","date_gmt":"2022-07-06T11:33:45","guid":{"rendered":"http:\/\/urselfdeez.cluster023.hosting.ovh.net\/?page_id=81"},"modified":"2025-07-19T11:29:32","modified_gmt":"2025-07-19T09:29:32","slug":"about","status":"publish","type":"page","link":"http:\/\/urselfdeez.cluster023.hosting.ovh.net\/?page_id=81","title":{"rendered":"Formateur"},"content":{"rendered":"\t\t<div data-elementor-type=\"wp-page\" data-elementor-id=\"81\" class=\"elementor elementor-81\">\n\t\t\t\t\t\t<section class=\"elementor-section elementor-top-section elementor-element elementor-element-7e995005 elementor-section-full_width elementor-section-height-min-height elementor-section-items-stretch elementor-section-content-middle elementor-reverse-mobile elementor-section-height-default qodef-elementor-content-no\" data-id=\"7e995005\" data-element_type=\"section\" data-settings=\"{&quot;background_background&quot;:&quot;classic&quot;}\">\n\t\t\t\t\t\t<div class=\"elementor-container elementor-column-gap-no\">\n\t\t\t\t\t<div class=\"elementor-column elementor-col-50 elementor-top-column elementor-element elementor-element-6d47c04b\" data-id=\"6d47c04b\" data-element_type=\"column\" data-settings=\"{&quot;background_background&quot;:&quot;classic&quot;}\">\n\t\t\t<div class=\"elementor-widget-wrap elementor-element-populated\">\n\t\t\t\t\t\t<div class=\"elementor-element elementor-element-66c6d44b elementor-invisible elementor-widget elementor-widget-image\" data-id=\"66c6d44b\" data-element_type=\"widget\" data-settings=\"{&quot;_animation&quot;:&quot;fadeIn&quot;}\" data-widget_type=\"image.default\">\n\t\t\t\t<div class=\"elementor-widget-container\">\n\t\t\t\t\t\t\t\t\t\t\t\t\t\t\t<img fetchpriority=\"high\" decoding=\"async\" width=\"2560\" height=\"1707\" src=\"http:\/\/urselfdeez.cluster023.hosting.ovh.net\/wp-content\/uploads\/2022\/07\/Seminaire-2-scaled.jpg\" class=\"attachment-full size-full wp-image-207\" alt=\"\" srcset=\"http:\/\/urselfdeez.cluster023.hosting.ovh.net\/wp-content\/uploads\/2022\/07\/Seminaire-2-scaled.jpg 2560w, http:\/\/urselfdeez.cluster023.hosting.ovh.net\/wp-content\/uploads\/2022\/07\/Seminaire-2-300x200.jpg 300w, http:\/\/urselfdeez.cluster023.hosting.ovh.net\/wp-content\/uploads\/2022\/07\/Seminaire-2-1024x683.jpg 1024w, http:\/\/urselfdeez.cluster023.hosting.ovh.net\/wp-content\/uploads\/2022\/07\/Seminaire-2-768x512.jpg 768w, http:\/\/urselfdeez.cluster023.hosting.ovh.net\/wp-content\/uploads\/2022\/07\/Seminaire-2-1536x1024.jpg 1536w, http:\/\/urselfdeez.cluster023.hosting.ovh.net\/wp-content\/uploads\/2022\/07\/Seminaire-2-2048x1365.jpg 2048w\" sizes=\"(max-width: 2560px) 100vw, 2560px\" \/>\t\t\t\t\t\t\t\t\t\t\t\t\t\t\t<\/div>\n\t\t\t\t<\/div>\n\t\t\t\t\t<\/div>\n\t\t<\/div>\n\t\t\t\t<div class=\"elementor-column elementor-col-50 elementor-top-column elementor-element elementor-element-337bd3c8\" data-id=\"337bd3c8\" data-element_type=\"column\">\n\t\t\t<div class=\"elementor-widget-wrap elementor-element-populated\">\n\t\t\t\t\t\t<div class=\"elementor-element elementor-element-534a769f elementor-invisible elementor-widget elementor-widget-heading\" data-id=\"534a769f\" data-element_type=\"widget\" data-settings=\"{&quot;_animation&quot;:&quot;fadeIn&quot;}\" data-widget_type=\"heading.default\">\n\t\t\t\t<div class=\"elementor-widget-container\">\n\t\t\t\t\t<h1 class=\"elementor-heading-title elementor-size-default\">Le Formateur<\/h1>\t\t\t\t<\/div>\n\t\t\t\t<\/div>\n\t\t\t\t<div class=\"elementor-element elementor-element-c399719 elementor-widget elementor-widget-text-editor\" data-id=\"c399719\" data-element_type=\"widget\" data-widget_type=\"text-editor.default\">\n\t\t\t\t<div class=\"elementor-widget-container\">\n\t\t\t\t\t\t\t\t\t<p>Fonctionnaire de Police depuis plus de 20 ans , enseignant depuis plus d&rsquo;une dizaine d&rsquo;ann\u00e9es diff\u00e9rents styles de Self D\u00e9fense.<\/p>\n<p>Eternel insatisfait cherchant le meilleur pour ses \u00e9l\u00e8ves pour finalement repartir de z\u00e9ro en devenant:<\/p>\n<ul>\n<li>Instructeur niveau 1 en KALAH SYSTEM<\/li>\n<li>Initiateur TOLPAR&nbsp;<\/li>\n<li>Instructeur D\u00e9fense Urbaine Acad\u00e9mie Robert Paturel<\/li><li>Formateur b\u00e2tons de d\u00e9fense (tonfa &amp; t\u00e9lescopique) FFBD &amp; Acad\u00e9mie Robert Paturel<\/li>\n<\/ul>\t\t\t\t\t\t\t\t<\/div>\n\t\t\t\t<\/div>\n\t\t\t\t\t<\/div>\n\t\t<\/div>\n\t\t\t\t\t<\/div>\n\t\t<\/section>\n\t\t\t\t<section class=\"elementor-section elementor-top-section elementor-element elementor-element-2aed5b29 elementor-section-height-min-height elementor-section-content-middle elementor-section-boxed elementor-section-height-default elementor-section-items-middle qodef-elementor-content-no\" data-id=\"2aed5b29\" data-element_type=\"section\" data-settings=\"{&quot;background_background&quot;:&quot;classic&quot;}\">\n\t\t\t\t\t\t<div class=\"elementor-container elementor-column-gap-no\">\n\t\t\t\t\t<div class=\"elementor-column elementor-col-100 elementor-top-column elementor-element elementor-element-35299c67\" data-id=\"35299c67\" data-element_type=\"column\">\n\t\t\t<div class=\"elementor-widget-wrap elementor-element-populated\">\n\t\t\t\t\t\t<section class=\"elementor-section elementor-inner-section elementor-element elementor-element-14018fca elementor-section-height-min-height elementor-section-content-middle elementor-section-boxed elementor-section-height-default qodef-elementor-content-no\" data-id=\"14018fca\" data-element_type=\"section\" data-settings=\"{&quot;background_background&quot;:&quot;classic&quot;}\">\n\t\t\t\t\t\t<div class=\"elementor-container elementor-column-gap-no\">\n\t\t\t\t\t<div class=\"elementor-column elementor-col-100 elementor-inner-column elementor-element elementor-element-276d1d24\" data-id=\"276d1d24\" data-element_type=\"column\">\n\t\t\t<div class=\"elementor-widget-wrap elementor-element-populated\">\n\t\t\t\t\t\t<div class=\"elementor-element elementor-element-7677b30a elementor-view-default elementor-invisible elementor-widget elementor-widget-icon\" data-id=\"7677b30a\" data-element_type=\"widget\" data-settings=\"{&quot;_animation&quot;:&quot;fadeIn&quot;}\" data-widget_type=\"icon.default\">\n\t\t\t\t<div class=\"elementor-widget-container\">\n\t\t\t\t\t\t\t<div class=\"elementor-icon-wrapper\">\n\t\t\t<div class=\"elementor-icon\">\n\t\t\t<svg xmlns=\"http:\/\/www.w3.org\/2000\/svg\" id=\"f512c916-4764-49f2-a8a1-f5489a2e0e46\" data-name=\"Layer 1\" width=\"42.4\" height=\"37.6\" viewBox=\"0 0 42.4 37.6\"><path d=\"M35.18,9.6Q37.38,7,42.58,7V.2q-18.2,0-18.2,20.4a85.7148,85.7148,0,0,0,1.8,17.2h16.2V22.4h-9.2V17.6Q33.18,12.2,35.18,9.6Z\" transform=\"translate(-0.1797 -0.2)\"><\/path><path d=\"M.18,20.6a87.4221,87.4221,0,0,0,2,17.2h16.2V22.4H8.98V17.6q0-5.4,2.2-8T18.58,7V.2Q.18.2.18,20.6Z\" transform=\"translate(-0.1797 -0.2)\"><\/path><\/svg>\t\t\t<\/div>\n\t\t<\/div>\n\t\t\t\t\t\t<\/div>\n\t\t\t\t<\/div>\n\t\t\t\t<div class=\"elementor-element elementor-element-7a0e653d elementor-widget elementor-widget-testimonial\" data-id=\"7a0e653d\" data-element_type=\"widget\" data-widget_type=\"testimonial.default\">\n\t\t\t\t<div class=\"elementor-widget-container\">\n\t\t\t\t\t\t\t<div class=\"elementor-testimonial-wrapper\">\n\t\t\t\t\t\t\t<div class=\"elementor-testimonial-content\">Je n'ai pas oubli\u00e9 mes anciens diplomes &amp; formations que j'ai pass\u00e9 durant ces derni\u00e8res ann\u00e9es  mais ils ne convenaient plus dans ma mani\u00e8re d'appr\u00e9hender la self d\u00e9fense...\" Plut\u00f4t que de juger sur un \"CV\" , sur des vid\u00e9os, des photos . Venez essayer, m\u00eame juste un cours . Prenez contact avec les membres du club et faites vous votre propre opinion.<\/div>\n\t\t\t\n\t\t\t\t\t\t<div class=\"elementor-testimonial-meta elementor-has-image elementor-testimonial-image-position-aside\">\n\t\t\t\t<div class=\"elementor-testimonial-meta-inner\">\n\t\t\t\t\t\t\t\t\t\t\t<div class=\"elementor-testimonial-image\">\n\t\t\t\t\t\t\t<img decoding=\"async\" width=\"1080\" height=\"1440\" src=\"http:\/\/urselfdeez.cluster023.hosting.ovh.net\/wp-content\/uploads\/2022\/07\/285090056_10158184287800881_3347059281743988156_n.jpeg\" class=\"attachment-full size-full wp-image-222\" alt=\"\" srcset=\"http:\/\/urselfdeez.cluster023.hosting.ovh.net\/wp-content\/uploads\/2022\/07\/285090056_10158184287800881_3347059281743988156_n.jpeg 1080w, http:\/\/urselfdeez.cluster023.hosting.ovh.net\/wp-content\/uploads\/2022\/07\/285090056_10158184287800881_3347059281743988156_n-225x300.jpeg 225w, http:\/\/urselfdeez.cluster023.hosting.ovh.net\/wp-content\/uploads\/2022\/07\/285090056_10158184287800881_3347059281743988156_n-768x1024.jpeg 768w\" sizes=\"(max-width: 1080px) 100vw, 1080px\" \/>\t\t\t\t\t\t<\/div>\n\t\t\t\t\t\n\t\t\t\t\t\t\t\t\t\t<div class=\"elementor-testimonial-details\">\n\t\t\t\t\t\t\t\t\t\t\t\t\t\t<div class=\"elementor-testimonial-name\">Stef<\/div>\n\t\t\t\t\t\t\t\t\t\t\t\t\t\t\t\t\t\t\t<\/div>\n\t\t\t\t\t\t\t\t\t<\/div>\n\t\t\t<\/div>\n\t\t\t\t\t<\/div>\n\t\t\t\t\t\t<\/div>\n\t\t\t\t<\/div>\n\t\t\t\t\t<\/div>\n\t\t<\/div>\n\t\t\t\t\t<\/div>\n\t\t<\/section>\n\t\t\t\t<div class=\"elementor-element elementor-element-3a2c224c elementor-widget__width-initial elementor-widget-tablet__width-initial elementor-widget-mobile__width-initial elementor-absolute elementor-invisible elementor-widget elementor-widget-spacer\" data-id=\"3a2c224c\" data-element_type=\"widget\" data-settings=\"{&quot;_position&quot;:&quot;absolute&quot;,&quot;_animation&quot;:&quot;slideInUp&quot;}\" data-widget_type=\"spacer.default\">\n\t\t\t\t<div class=\"elementor-widget-container\">\n\t\t\t\t\t\t\t<div class=\"elementor-spacer\">\n\t\t\t<div class=\"elementor-spacer-inner\"><\/div>\n\t\t<\/div>\n\t\t\t\t\t\t<\/div>\n\t\t\t\t<\/div>\n\t\t\t\t\t<\/div>\n\t\t<\/div>\n\t\t\t\t\t<\/div>\n\t\t<\/section>\n\t\t\t\t<section class=\"elementor-section elementor-top-section elementor-element elementor-element-3d241c9c elementor-section-height-min-height elementor-section-boxed elementor-section-height-default elementor-section-items-middle qodef-elementor-content-no\" data-id=\"3d241c9c\" data-element_type=\"section\" data-settings=\"{&quot;background_background&quot;:&quot;classic&quot;}\">\n\t\t\t\t\t\t<div class=\"elementor-container elementor-column-gap-no\">\n\t\t\t\t\t<div class=\"elementor-column elementor-col-100 elementor-top-column elementor-element elementor-element-6f008471\" data-id=\"6f008471\" data-element_type=\"column\">\n\t\t\t<div class=\"elementor-widget-wrap elementor-element-populated\">\n\t\t\t\t\t\t<div class=\"elementor-element elementor-element-34035a54 elementor-invisible elementor-widget elementor-widget-heading\" data-id=\"34035a54\" data-element_type=\"widget\" data-settings=\"{&quot;_animation&quot;:&quot;fadeIn&quot;}\" data-widget_type=\"heading.default\">\n\t\t\t\t<div class=\"elementor-widget-container\">\n\t\t\t\t\t<h2 class=\"elementor-heading-title elementor-size-default\">Remerciements <\/h2>\t\t\t\t<\/div>\n\t\t\t\t<\/div>\n\t\t\t\t<div class=\"elementor-element elementor-element-7912a10c elementor-widget elementor-widget-image-carousel\" data-id=\"7912a10c\" data-element_type=\"widget\" data-settings=\"{&quot;slides_to_show&quot;:&quot;7&quot;,&quot;slides_to_show_tablet&quot;:&quot;3&quot;,&quot;slides_to_show_mobile&quot;:&quot;2&quot;,&quot;slides_to_scroll&quot;:&quot;1&quot;,&quot;slides_to_scroll_tablet&quot;:&quot;2&quot;,&quot;slides_to_scroll_mobile&quot;:&quot;2&quot;,&quot;navigation&quot;:&quot;none&quot;,&quot;pause_on_hover&quot;:&quot;no&quot;,&quot;pause_on_interaction&quot;:&quot;no&quot;,&quot;autoplay_speed&quot;:&quot;3000&quot;,&quot;autoplay&quot;:&quot;yes&quot;,&quot;infinite&quot;:&quot;yes&quot;,&quot;speed&quot;:500}\" data-widget_type=\"image-carousel.default\">\n\t\t\t\t<div class=\"elementor-widget-container\">\n\t\t\t\t\t\t\t<div class=\"elementor-image-carousel-wrapper swiper\" role=\"region\" aria-roledescription=\"carousel\" aria-label=\"Carrousel d\u2019images\" dir=\"ltr\">\n\t\t\t<div class=\"elementor-image-carousel swiper-wrapper\" aria-live=\"off\">\n\t\t\t\t\t\t\t\t<div class=\"swiper-slide\" role=\"group\" aria-roledescription=\"slide\" aria-label=\"1 sur 5\"><figure class=\"swiper-slide-inner\"><img decoding=\"async\" class=\"swiper-slide-image\" src=\"http:\/\/urselfdeez.cluster023.hosting.ovh.net\/wp-content\/uploads\/2022\/07\/stef.jpg\" alt=\"Pascal B. Kalah\" \/><figcaption class=\"elementor-image-carousel-caption\">Pascal B. Kalah<\/figcaption><\/figure><\/div><div class=\"swiper-slide\" role=\"group\" aria-roledescription=\"slide\" aria-label=\"2 sur 5\"><figure class=\"swiper-slide-inner\"><img decoding=\"async\" class=\"swiper-slide-image\" src=\"http:\/\/urselfdeez.cluster023.hosting.ovh.net\/wp-content\/uploads\/2022\/07\/285090056_10158184287800881_3347059281743988156_n-1.jpeg\" alt=\"Patu\" \/><figcaption class=\"elementor-image-carousel-caption\">Patu<\/figcaption><\/figure><\/div><div class=\"swiper-slide\" role=\"group\" aria-roledescription=\"slide\" aria-label=\"3 sur 5\"><figure class=\"swiper-slide-inner\"><img decoding=\"async\" class=\"swiper-slide-image\" src=\"http:\/\/urselfdeez.cluster023.hosting.ovh.net\/wp-content\/uploads\/2022\/07\/tolpar.jpg\" alt=\"Guillaume Tolpar\" \/><figcaption class=\"elementor-image-carousel-caption\">Guillaume Tolpar<\/figcaption><\/figure><\/div><div class=\"swiper-slide\" role=\"group\" aria-roledescription=\"slide\" aria-label=\"4 sur 5\"><figure class=\"swiper-slide-inner\"><img decoding=\"async\" class=\"swiper-slide-image\" src=\"http:\/\/urselfdeez.cluster023.hosting.ovh.net\/wp-content\/uploads\/2022\/07\/q-1.jpeg\" alt=\"Mon grand\" \/><figcaption class=\"elementor-image-carousel-caption\">Mon grand<\/figcaption><\/figure><\/div><div class=\"swiper-slide\" role=\"group\" aria-roledescription=\"slide\" aria-label=\"5 sur 5\"><figure class=\"swiper-slide-inner\"><img decoding=\"async\" class=\"swiper-slide-image\" src=\"http:\/\/urselfdeez.cluster023.hosting.ovh.net\/wp-content\/uploads\/2022\/07\/maman-1.jpeg\" alt=\"Ma maman RIP\" \/><figcaption class=\"elementor-image-carousel-caption\">Ma maman RIP<\/figcaption><\/figure><\/div>\t\t\t<\/div>\n\t\t\t\t\t\t\t\n\t\t\t\t\t\t\t\t\t<\/div>\n\t\t\t\t\t\t<\/div>\n\t\t\t\t<\/div>\n\t\t\t\t\t<\/div>\n\t\t<\/div>\n\t\t\t\t\t<\/div>\n\t\t<\/section>\n\t\t\t\t<section class=\"elementor-section elementor-top-section elementor-element elementor-element-339be86f elementor-section-height-min-height elementor-section-full_width elementor-section-items-stretch elementor-section-content-middle elementor-section-height-default qodef-elementor-content-no\" data-id=\"339be86f\" data-element_type=\"section\" data-settings=\"{&quot;background_background&quot;:&quot;classic&quot;}\">\n\t\t\t\t\t\t<div class=\"elementor-container elementor-column-gap-no\">\n\t\t\t\t\t<div class=\"elementor-column elementor-col-50 elementor-top-column elementor-element elementor-element-40bb53a7\" data-id=\"40bb53a7\" data-element_type=\"column\">\n\t\t\t<div class=\"elementor-widget-wrap elementor-element-populated\">\n\t\t\t\t\t\t<div class=\"elementor-element elementor-element-6271d235 elementor-widget elementor-widget-text-editor\" data-id=\"6271d235\" data-element_type=\"widget\" data-widget_type=\"text-editor.default\">\n\t\t\t\t<div class=\"elementor-widget-container\">\n\t\t\t\t\t\t\t\t\t<p><em><strong>\u00ab\u00a0L&rsquo;enseignement doit \u00eatre le reflet de ta vraie personnalit\u00e9 , laisse ton \u00e9go au vestiaire, cet ego qui n&rsquo;est que la repr\u00e9sentation de ce que tu crois \u00eatre un homme, un homme ce n&rsquo;est pas \u00e7a. Un homme doit \u00eatre bon, juste, g\u00e9n\u00e9reux, courageux,valeureux et surtout humble. Ne montre pas tes muscles, montre ton c\u0153ur!!<\/strong><\/em>\u00a0<em><strong>Deux valeurs essentielles vont souvent de paire , la g\u00e9n\u00e9rosit\u00e9 et le courage .\u00a0\u00bb<\/strong><\/em><\/p>\t\t\t\t\t\t\t\t<\/div>\n\t\t\t\t<\/div>\n\t\t\t\t<div class=\"elementor-element elementor-element-3efb976e elementor-align-center elementor-widget elementor-widget-button\" data-id=\"3efb976e\" data-element_type=\"widget\" data-widget_type=\"button.default\">\n\t\t\t\t<div class=\"elementor-widget-container\">\n\t\t\t\t\t\t\t\t\t<div class=\"elementor-button-wrapper\">\n\t\t\t\t\t<a class=\"elementor-button elementor-button-link elementor-size-sm elementor-animation-hang\" href=\"https:\/\/library.elementor.com\/wedding-photographer\/contact\/\">\n\t\t\t\t\t\t<span class=\"elementor-button-content-wrapper\">\n\t\t\t\t\t\t\t\t\t<span class=\"elementor-button-text\">Robert PATUREL<\/span>\n\t\t\t\t\t<\/span>\n\t\t\t\t\t<\/a>\n\t\t\t\t<\/div>\n\t\t\t\t\t\t\t\t<\/div>\n\t\t\t\t<\/div>\n\t\t\t\t\t<\/div>\n\t\t<\/div>\n\t\t\t\t<div class=\"elementor-column elementor-col-50 elementor-top-column elementor-element elementor-element-7f571873\" data-id=\"7f571873\" data-element_type=\"column\" data-settings=\"{&quot;background_background&quot;:&quot;classic&quot;}\">\n\t\t\t<div class=\"elementor-widget-wrap elementor-element-populated\">\n\t\t\t\t\t\t<div class=\"elementor-element elementor-element-37b53b33 elementor-widget elementor-widget-spacer\" data-id=\"37b53b33\" data-element_type=\"widget\" data-widget_type=\"spacer.default\">\n\t\t\t\t<div class=\"elementor-widget-container\">\n\t\t\t\t\t\t\t<div class=\"elementor-spacer\">\n\t\t\t<div class=\"elementor-spacer-inner\"><\/div>\n\t\t<\/div>\n\t\t\t\t\t\t<\/div>\n\t\t\t\t<\/div>\n\t\t\t\t\t<\/div>\n\t\t<\/div>\n\t\t\t\t\t<\/div>\n\t\t<\/section>\n\t\t\t\t<\/div>\n\t\t","protected":false},"excerpt":{"rendered":"<p>Le Formateur Fonctionnaire de Police depuis plus de 20 ans , enseignant depuis plus d&rsquo;une dizaine d&rsquo;ann\u00e9es diff\u00e9rents styles de Self D\u00e9fense. Eternel insatisfait cherchant le meilleur pour ses \u00e9l\u00e8ves pour finalement repartir de z\u00e9ro en devenant: Instructeur niveau 1 en KALAH SYSTEM Initiateur TOLPAR&nbsp; Instructeur D\u00e9fense Urbaine Acad\u00e9mie Robert Paturel Formateur b\u00e2tons de d\u00e9fense [&hellip;]<\/p>\n","protected":false},"author":1,"featured_media":0,"parent":0,"menu_order":0,"comment_status":"closed","ping_status":"closed","template":"","meta":{"footnotes":""},"class_list":["post-81","page","type-page","status-publish","hentry"],"_links":{"self":[{"href":"http:\/\/urselfdeez.cluster023.hosting.ovh.net\/index.php?rest_route=\/wp\/v2\/pages\/81","targetHints":{"allow":["GET"]}}],"collection":[{"href":"http:\/\/urselfdeez.cluster023.hosting.ovh.net\/index.php?rest_route=\/wp\/v2\/pages"}],"about":[{"href":"http:\/\/urselfdeez.cluster023.hosting.ovh.net\/index.php?rest_route=\/wp\/v2\/types\/page"}],"author":[{"embeddable":true,"href":"http:\/\/urselfdeez.cluster023.hosting.ovh.net\/index.php?rest_route=\/wp\/v2\/users\/1"}],"replies":[{"embeddable":true,"href":"http:\/\/urselfdeez.cluster023.hosting.ovh.net\/index.php?rest_route=%2Fwp%2Fv2%2Fcomments&post=81"}],"version-history":[{"count":46,"href":"http:\/\/urselfdeez.cluster023.hosting.ovh.net\/index.php?rest_route=\/wp\/v2\/pages\/81\/revisions"}],"predecessor-version":[{"id":687,"href":"http:\/\/urselfdeez.cluster023.hosting.ovh.net\/index.php?rest_route=\/wp\/v2\/pages\/81\/revisions\/687"}],"wp:attachment":[{"href":"http:\/\/urselfdeez.cluster023.hosting.ovh.net\/index.php?rest_route=%2Fwp%2Fv2%2Fmedia&parent=81"}],"curies":[{"name":"wp","href":"https:\/\/api.w.org\/{rel}","templated":true}]}}